{"id":1807,"date":"2022-05-11T08:34:16","date_gmt":"2022-05-11T06:34:16","guid":{"rendered":"https:\/\/www.eco-oils.eu\/ecooils-tools\/"},"modified":"2023-05-06T19:50:47","modified_gmt":"2023-05-06T17:50:47","slug":"ecooils-tools","status":"publish","type":"page","link":"https:\/\/www.eco-oils.eu\/fr\/ecooils-tools\/","title":{"rendered":"Les Outils EcoOils"},"content":{"rendered":"\n<div id=\"block-b64925-e734-4f\" class=\"wp-block-gutenbee-container block-b64925-e734-4f theme-grid tools-learning\"><style>.wp-block-gutenbee-container.block-b64925-e734-4f { margin-bottom: 0px; padding-top: 50px;  padding-bottom: 50px; }<\/style><div class=\"wp-block-gutenbee-container-inner\"><div class=\"wp-block-gutenbee-container-row wp-block-gutenbee-container-lg\">\n<div class=\"wp-block-gutenbee-column block-73be9c-2110-4a\"><style>.wp-block-gutenbee-column.block-73be9c-2110-4a { flex-basis: 50%; }\n\n\n      @media (max-width: 991px) {\n        .wp-block-gutenbee-column.block-73be9c-2110-4a { flex-basis: 100%; }\n      }\n    \n\n      @media (max-width: 575px) {\n        .wp-block-gutenbee-column.block-73be9c-2110-4a { flex-basis: 100%; }\n      }<\/style><div class=\"wp-block-gutenbee-column-content\">\n<p class=\"has-text-align-left\">Lorem ipsum dolor sit amet, consectetur adipiscing elit, sed do eiusmod tempor incididunt ut labore et dolore magna aliqua. Quis commodo odio aenean sed adipiscing diam donec adipiscing tristique. Scelerisque purus semper eget duis at tellus at urna condimentum. Quis auctor elit sed vulputate mi sit amet mauris. Sapien faucibus et molestie ac feugiat sed lectus. Purus faucibus ornare suspendisse sed nisi. Viverra aliquet eget sit amet tellus. Ac auctor augue mauris augue neque gravida in fermentum. Condimentum lacinia quis vel eros. Lacus laoreet non curabitur gravida arcu ac tortor dignissim. Consequat nisl vel pretium lectus quam id leo in.<\/p>\n\n\n\n<p>Nisi est sit amet facilisis. Quam pellentesque nec nam aliquam. Proin libero nunc consequat interdum varius sit amet mattis. Mi bibendum neque egestas congue quisque. Urna condimentum mattis pellentesque id nibh tortor id aliquet lectus. In tellus integer feugiat scelerisque varius. Aliquet lectus proin nibh nisl condimentum id venenatis. Mattis nunc sed blandit libero volutpat sed cras ornare. Integer vitae justo eget magna. Maecenas pharetra convallis posuere morbi leo urna. Dictum at tempor commodo ullamcorper a lacus vestibulum sed. Consectetur a erat nam at lectus urna duis convallis. Amet venenatis urna cursus eget nunc scelerisque.<\/p>\n<\/div><\/div>\n\n\n\n<div class=\"wp-block-gutenbee-column block-472515-8f48-4f\"><style>.wp-block-gutenbee-column.block-472515-8f48-4f .wp-block-gutenbee-column-content { justify-content: center; }\n.wp-block-gutenbee-column.block-472515-8f48-4f { flex-basis: 50%; }\n\n\n      @media (max-width: 991px) {\n        .wp-block-gutenbee-column.block-472515-8f48-4f { flex-basis: 100%; }\n      }\n    \n\n      @media (max-width: 575px) {\n        .wp-block-gutenbee-column.block-472515-8f48-4f { flex-basis: 100%; }\n      }<\/style><div class=\"wp-block-gutenbee-column-content\">\n<h3 id=\"block-3bad67-5c2b-40\" class=\"wp-block-gutenbee-heading block-3bad67-5c2b-40\">EcoOils Learning model<\/h3>\n\n\n\n<div class=\"wp-block-buttons is-layout-flex wp-block-buttons-is-layout-flex\">\n<div class=\"wp-block-button has-custom-font-size is-style-fill has-medium-font-size\"><a class=\"wp-block-button__link wp-element-button\">Download pdf file<\/a><\/div>\n<\/div>\n<\/div><\/div>\n<\/div><\/div><div class=\"wp-block-gutenbee-container-background\" data-parallax-speed=\"0.3\"><\/div><\/div>\n\n\n\n<div id=\"block-7fcee3-6a69-41\" class=\"wp-block-gutenbee-container block-7fcee3-6a69-41 theme-grid has-background-overlay\" style=\"color:#ffffff\"><style>.wp-block-gutenbee-container.block-7fcee3-6a69-41 { padding-top: 65px;  padding-bottom: 65px; }<\/style><div class=\"wp-block-gutenbee-container-inner\"><div class=\"wp-block-gutenbee-container-row wp-block-gutenbee-container-lg\">\n<div class=\"wp-block-gutenbee-column block-62b94f-9bb7-47\"><style>.wp-block-gutenbee-column.block-62b94f-9bb7-47 .wp-block-gutenbee-column-content { margin-top: 40px; }\n.wp-block-gutenbee-column.block-62b94f-9bb7-47 { flex-basis: 50%; }\n\n\n      @media (max-width: 991px) {\n        .wp-block-gutenbee-column.block-62b94f-9bb7-47 { flex-basis: 100%; }\n      }\n    \n\n      @media (max-width: 575px) {\n        .wp-block-gutenbee-column.block-62b94f-9bb7-47 { flex-basis: 100%; }\n      }<\/style><div class=\"wp-block-gutenbee-column-content\">\n<p class=\"has-theme-medium-gray-color has-text-color\">Confront\u00e9s \u00e0 la difficult\u00e9 d&#8217;une formation en ligne, les partenaires d&#8217;EcoOils ont \u00e9labor\u00e9 un mod\u00e8le d&#8217;apprentissage prenant en compte les attentes des producteurs et transformateurs de plantes aromatiques, ainsi que leurs besoins et contraintes d&#8217;organisation.<br>Le mod\u00e8le d&#8217;apprentissage EcoOils est bas\u00e9 sur les bonnes pratiques et l&#8217;exp\u00e9rience des partenaires dans le d\u00e9veloppement de la formation en ligne, selon l&#8217;approche dite \u00abd&#8217;apprentissage mixte\u00bb, et sur la coop\u00e9ration avec des repr\u00e9sentants des groupes cibles.<\/p>\n<\/div><\/div>\n\n\n\n<div class=\"wp-block-gutenbee-column block-71a7e9-674a-4a\"><style>.wp-block-gutenbee-column.block-71a7e9-674a-4a .wp-block-gutenbee-column-content { justify-content: center; }\n.wp-block-gutenbee-column.block-71a7e9-674a-4a { flex-basis: 50%; }\n\n\n      @media (max-width: 991px) {\n        .wp-block-gutenbee-column.block-71a7e9-674a-4a { flex-basis: 100%; }\n      }\n    \n\n      @media (max-width: 575px) {\n        .wp-block-gutenbee-column.block-71a7e9-674a-4a { flex-basis: 100%; }\n      }<\/style><div class=\"wp-block-gutenbee-column-content\">\n<h3 id=\"block-fcdf5d-53d5-45\" class=\"wp-block-gutenbee-heading block-fcdf5d-53d5-45 has-text-color\" style=\"color:#585858\">Mod\u00e8le d&#8217;apprentissage<\/h3>\n\n\n\n<div class=\"wp-block-buttons is-layout-flex wp-block-buttons-is-layout-flex\">\n<div class=\"wp-block-button has-custom-font-size is-style-fill has-medium-font-size\"><a class=\"wp-block-button__link wp-element-button\" href=\"https:\/\/www.eco-oils.eu\/wp-content\/uploads\/2023\/05\/IO1-Learning-Model-Final-FINAL.pdf\" target=\"_blank\" rel=\"noreferrer noopener\">T\u00e9l\u00e9charger le&nbsp;pdf<\/a><\/div>\n<\/div>\n<\/div><\/div>\n<\/div><div class=\"wp-block-gutenbee-container-background-overlay\" style=\"background-color:rgba(255, 255, 255, 0.41)\"><\/div><\/div><div class=\"wp-block-gutenbee-container-background\" data-parallax-speed=\"0.3\"><\/div><\/div>\n\n\n\n<div id=\"block-52bbae-26a9-49\" class=\"wp-block-gutenbee-container block-52bbae-26a9-49 theme-grid has-background-image has-background-overlay\" style=\"color:#ffffff\"><style>.wp-block-gutenbee-container.block-52bbae-26a9-49 { margin-bottom: 0px; padding-top: 50px;  padding-bottom: 50px; }\n.wp-block-gutenbee-container.block-52bbae-26a9-49 > .wp-block-gutenbee-container-background { background-image: url(https:\/\/www.eco-oils.eu\/\/wp-content\/uploads\/2022\/01\/eco-oils_46.jpg); background-repeat: no-repeat; background-size: cover; background-position: center center; background-attachment: scroll; }<\/style><div class=\"wp-block-gutenbee-container-inner\"><div class=\"wp-block-gutenbee-container-row wp-block-gutenbee-container-lg\">\n<div class=\"wp-block-gutenbee-column block-ab54cb-7407-44\"><style>.wp-block-gutenbee-column.block-ab54cb-7407-44 { flex-basis: 50%; }\n\n\n      @media (max-width: 991px) {\n        .wp-block-gutenbee-column.block-ab54cb-7407-44 { flex-basis: 100%; }\n      }\n    \n\n      @media (max-width: 575px) {\n        .wp-block-gutenbee-column.block-ab54cb-7407-44 { flex-basis: 100%; }\n      }<\/style><div class=\"wp-block-gutenbee-column-content\">\n<p>Le manuel des formateurs est un guide destin\u00e9 aux formateurs et aux organismes qui souhaitent utiliser le cours EcoOils. Il fournit aux formateurs et consultants \u00e0 la fois la th\u00e9orie n\u00e9cessaire pour appliquer l\u2019approche EcoOils et l\u2019orientation \u00e9tape par \u00e9tape pour mener les activit\u00e9s de formation dans l\u2019environnement virtuel. Le manuel permet aux formateurs d\u2019offrir une \u00e9ducation num\u00e9rique inclusive de haute qualit\u00e9 \u00e0 leurs clients du monde agricole.<\/p>\n<\/div><\/div>\n\n\n\n<div class=\"wp-block-gutenbee-column block-c96f23-10cb-40\"><style>.wp-block-gutenbee-column.block-c96f23-10cb-40 .wp-block-gutenbee-column-content { justify-content: center; }\n.wp-block-gutenbee-column.block-c96f23-10cb-40 { flex-basis: 50%; }\n\n\n      @media (max-width: 991px) {\n        .wp-block-gutenbee-column.block-c96f23-10cb-40 { flex-basis: 100%; }\n      }\n    \n\n      @media (max-width: 575px) {\n        .wp-block-gutenbee-column.block-c96f23-10cb-40 { flex-basis: 100%; }\n      }<\/style><div class=\"wp-block-gutenbee-column-content\">\n<h3 id=\"block-6bb990-ff57-49\" class=\"wp-block-gutenbee-heading block-6bb990-ff57-49 has-text-color\" style=\"color:#ffffff\">Manuel EcoOils pour les formateurs<\/h3>\n\n\n\n<div class=\"wp-block-buttons is-layout-flex wp-block-buttons-is-layout-flex\">\n<div class=\"wp-block-button has-custom-font-size is-style-fill has-medium-font-size\"><a class=\"wp-block-button__link wp-element-button\" href=\"https:\/\/www.eco-oils.eu\/wp-content\/uploads\/2023\/05\/Manuel-pour-les-tuteurs-CDE.pdf\" target=\"_blank\" rel=\"noreferrer noopener\">T\u00e9l\u00e9charger&nbsp;le pdf<\/a><\/div>\n<\/div>\n<\/div><\/div>\n<\/div><div class=\"wp-block-gutenbee-container-background-overlay\" style=\"background-color:rgba(0, 0, 0, 0.3)\"><\/div><\/div><div class=\"wp-block-gutenbee-container-background\" data-parallax-speed=\"0.3\"><\/div><\/div>\n\n\n\n<div id=\"block-66b4e0-140a-4b\" class=\"wp-block-gutenbee-container block-66b4e0-140a-4b theme-grid has-background-image has-background-overlay\" style=\"color:#ffffff\"><style>.wp-block-gutenbee-container.block-66b4e0-140a-4b { padding-top: 60px;  padding-bottom: 60px; }\n.wp-block-gutenbee-container.block-66b4e0-140a-4b > .wp-block-gutenbee-container-background { background-image: url(https:\/\/www.eco-oils.eu\/wp-content\/uploads\/2022\/01\/eco-oils_41.jpg); background-repeat: no-repeat; background-size: cover; background-position: center center; background-attachment: scroll; }<\/style><div class=\"wp-block-gutenbee-container-inner\"><div class=\"wp-block-gutenbee-container-row wp-block-gutenbee-container-lg\">\n<div class=\"wp-block-gutenbee-column block-661d76-461d-4a\"><style>.wp-block-gutenbee-column.block-661d76-461d-4a .wp-block-gutenbee-column-content { padding-top: 40px; }\n.wp-block-gutenbee-column.block-661d76-461d-4a { flex-basis: 50%; }\n\n\n      @media (max-width: 991px) {\n        .wp-block-gutenbee-column.block-661d76-461d-4a { flex-basis: 100%; }\n      }\n    \n\n      @media (max-width: 575px) {\n        .wp-block-gutenbee-column.block-661d76-461d-4a { flex-basis: 100%; }\n      }<\/style><div class=\"wp-block-gutenbee-column-content\">\n<p>Le Manuel de l&#8217;apprenant est destin\u00e9 \u00e0 aider les apprenants \u00e0 utiliser la plateforme en ligne, \u00e0 mieux comprendre le contenu du cours et \u00e0 organiser facilement leur travail<\/p>\n<\/div><\/div>\n\n\n\n<div class=\"wp-block-gutenbee-column block-356ae3-ba8d-40\"><style>.wp-block-gutenbee-column.block-356ae3-ba8d-40 .wp-block-gutenbee-column-content { justify-content: center; }\n.wp-block-gutenbee-column.block-356ae3-ba8d-40 { flex-basis: 50%; }\n\n\n      @media (max-width: 991px) {\n        .wp-block-gutenbee-column.block-356ae3-ba8d-40 { flex-basis: 100%; }\n      }\n    \n\n      @media (max-width: 575px) {\n        .wp-block-gutenbee-column.block-356ae3-ba8d-40 { flex-basis: 100%; }\n      }<\/style><div class=\"wp-block-gutenbee-column-content\">\n<h3 id=\"block-cfb753-d894-49\" class=\"wp-block-gutenbee-heading block-cfb753-d894-49 has-text-color\" style=\"color:#ffffff\">Manuel EcoOils de l&#8217;apprenant<\/h3>\n\n\n\n<div class=\"wp-block-buttons is-layout-flex wp-block-buttons-is-layout-flex\">\n<div class=\"wp-block-button has-custom-font-size is-style-fill has-medium-font-size\"><a class=\"wp-block-button__link wp-element-button\" href=\"https:\/\/www.eco-oils.eu\/wp-content\/uploads\/2023\/05\/EO_manual-for-learners_FR.pdf\" target=\"_blank\" rel=\"noreferrer noopener\">T\u00e9l\u00e9charger&nbsp;le pdf<\/a><\/div>\n<\/div>\n<\/div><\/div>\n<\/div><div class=\"wp-block-gutenbee-container-background-overlay\" style=\"background-color:rgba(0, 0, 0, 0.3)\"><\/div><\/div><div class=\"wp-block-gutenbee-container-background\" data-parallax-speed=\"0.3\"><\/div><\/div>\n","protected":false},"excerpt":{"rendered":"","protected":false},"author":1,"featured_media":0,"parent":0,"menu_order":0,"comment_status":"closed","ping_status":"closed","template":"templates\/template-fullwidth.php","meta":{"footnotes":""},"class_list":["post-1807","page","type-page","status-publish","hentry"],"_links":{"self":[{"href":"https:\/\/www.eco-oils.eu\/fr\/wp-json\/wp\/v2\/pages\/1807","targetHints":{"allow":["GET"]}}],"collection":[{"href":"https:\/\/www.eco-oils.eu\/fr\/wp-json\/wp\/v2\/pages"}],"about":[{"href":"https:\/\/www.eco-oils.eu\/fr\/wp-json\/wp\/v2\/types\/page"}],"author":[{"embeddable":true,"href":"https:\/\/www.eco-oils.eu\/fr\/wp-json\/wp\/v2\/users\/1"}],"replies":[{"embeddable":true,"href":"https:\/\/www.eco-oils.eu\/fr\/wp-json\/wp\/v2\/comments?post=1807"}],"version-history":[{"count":10,"href":"https:\/\/www.eco-oils.eu\/fr\/wp-json\/wp\/v2\/pages\/1807\/revisions"}],"predecessor-version":[{"id":2542,"href":"https:\/\/www.eco-oils.eu\/fr\/wp-json\/wp\/v2\/pages\/1807\/revisions\/2542"}],"wp:attachment":[{"href":"https:\/\/www.eco-oils.eu\/fr\/wp-json\/wp\/v2\/media?parent=1807"}],"curies":[{"name":"wp","href":"https:\/\/api.w.org\/{rel}","templated":true}]}}