{"id":1240,"date":"2022-01-19T09:16:28","date_gmt":"2022-01-19T09:16:28","guid":{"rendered":"https:\/\/www.eco-oils.eu\/the-project\/"},"modified":"2023-05-02T10:43:26","modified_gmt":"2023-05-02T08:43:26","slug":"the-project","status":"publish","type":"page","link":"https:\/\/www.eco-oils.eu\/fr\/the-project\/","title":{"rendered":"Le Projet"},"content":{"rendered":"\n<h2 class=\"wp-block-heading\">A propos<\/h2>\n\n\n\n<p>La demande mondiale de produits cosm\u00e9tiques et de bien-\u00eatre augmente, entra\u00eenant une forte croissance de la production de plantes aromatiques et de plantes \u00e0 parfum \u00e0 grande \u00e9chelle.<\/p>\n\n\n\n<p>Le maintien de la comp\u00e9titivit\u00e9 de la fili\u00e8re europ\u00e9enne de production et de transformation des plantes aromatiques passe par le renforcement des d\u00e9marches qualit\u00e9 vers des pratiques bio et naturelles. Il est donc essentiel de soutenir la formation des professionnels europ\u00e9ens de la culture et de la transformation des plantes aromatiques vers une production biologique de qualit\u00e9.<\/p>\n\n\n\n<h2 class=\"wp-block-heading\">Objectifs<\/h2>\n\n\n\n<p>Le projet \u0395co-Oils soutient la formation de professionnels europ\u00e9ens de la culture et de la transformation des plantes aromatiques et plantes \u00e0 parfum vers une production biologique de qualit\u00e9.<\/p>\n\n\n\n<p>Quels sont les principaux objectifs d&#8217;Eco-Oils ?<br>-Construire de nouvelles comp\u00e9tences gr\u00e2ce \u00e0 un programme d&#8217;apprentissage en ligne con\u00e7u sp\u00e9cifiquement pour r\u00e9pondre aux besoins des producteurs de plantes aromatiques et d&#8217;huiles essentielles int\u00e9ress\u00e9s par la conversion \u00e0 la production biologique.<br>-D\u00e9velopper les comp\u00e9tences p\u00e9dagogiques et \u00e9ducatives des formateurs du secteur agricole, leur permettant de dispenser une \u00e9ducation num\u00e9rique inclusive de haute qualit\u00e9.<\/p>\n\n\n\n<h2 class=\"wp-block-heading\">Groupes cibles<\/h2>\n\n\n\n<p>Les principaux groupes cibles Eco-Oils :<\/p>\n\n\n\n<ul class=\"wp-block-list\">\n<li>Cultivateurs de plantes aromatiques<\/li>\n\n\n\n<li>Gestionnaires de distilleries &amp; producteurs d&#8217;huiles essentielles<\/li>\n\n\n\n<li>Nouveaux entrepreneurs dans le domaine de la production de plantes aromatiques<\/li>\n\n\n\n<li>Entrepreneurs &amp; formateurs de la fili\u00e8re des plantes aromatiques &amp; huiles essentielles<\/li>\n<\/ul>\n\n\n\n<div id=\"block-f1666f-6fc1-4e\" class=\"wp-block-gutenbee-container block-f1666f-6fc1-4e\"><div class=\"wp-block-gutenbee-container-inner\"><div class=\"wp-block-gutenbee-container-row wp-block-gutenbee-container-lg\">\n<div class=\"wp-block-gutenbee-column block-3c9947-a2cf-44\"><style>@media (max-width: 991px) {\n        .wp-block-gutenbee-column.block-3c9947-a2cf-44 { flex-basis: 100%; }\n      }\n    \n\n      @media (max-width: 575px) {\n        .wp-block-gutenbee-column.block-3c9947-a2cf-44 { flex-basis: 100%; }\n      }<\/style><div class=\"wp-block-gutenbee-column-content\">\n<h2 class=\"wp-block-heading\">Newsletter &#8211; 3<\/h2>\n\n\n\n<figure class=\"wp-block-image size-large is-resized\"><a href=\"https:\/\/www.eco-oils.eu\/wp-content\/uploads\/2023\/05\/EcoOils-Newsletter-3-Spring2023.-FR.pdf\" target=\"_blank\" rel=\"noreferrer noopener\"><img loading=\"lazy\" decoding=\"async\" src=\"https:\/\/www.eco-oils.eu\/wp-content\/uploads\/2023\/05\/EcoOils-Newsletter-3-Spring2023.-FR-723x1024.jpg\" alt=\"\" class=\"wp-image-2223\" width=\"250\" height=\"354\" srcset=\"https:\/\/www.eco-oils.eu\/wp-content\/uploads\/2023\/05\/EcoOils-Newsletter-3-Spring2023.-FR-723x1024.jpg 723w, https:\/\/www.eco-oils.eu\/wp-content\/uploads\/2023\/05\/EcoOils-Newsletter-3-Spring2023.-FR-212x300.jpg 212w, https:\/\/www.eco-oils.eu\/wp-content\/uploads\/2023\/05\/EcoOils-Newsletter-3-Spring2023.-FR-768x1088.jpg 768w, https:\/\/www.eco-oils.eu\/wp-content\/uploads\/2023\/05\/EcoOils-Newsletter-3-Spring2023.-FR.jpg 826w\" sizes=\"auto, (max-width: 250px) 100vw, 250px\" \/><\/a><\/figure>\n<\/div><\/div>\n\n\n\n<div class=\"wp-block-gutenbee-column block-697a36-5014-49\"><style>@media (max-width: 991px) {\n        .wp-block-gutenbee-column.block-697a36-5014-49 { flex-basis: 100%; }\n      }\n    \n\n      @media (max-width: 575px) {\n        .wp-block-gutenbee-column.block-697a36-5014-49 { flex-basis: 100%; }\n      }<\/style><div class=\"wp-block-gutenbee-column-content\">\n<h2 class=\"wp-block-heading\">Newsletter &#8211; 2<\/h2>\n\n\n\n<figure class=\"wp-block-image size-large is-resized\"><a href=\"https:\/\/www.eco-oils.eu\/wp-content\/uploads\/2023\/01\/EcoOils-Newsletter-2-FR.pdf\" target=\"_blank\" rel=\"noreferrer noopener\"><img loading=\"lazy\" decoding=\"async\" src=\"https:\/\/www.eco-oils.eu\/wp-content\/uploads\/2023\/01\/EcoOils-Newsletter-2-FR-724x1024.jpg\" alt=\"\" class=\"wp-image-1722\" width=\"250\" height=\"354\" srcset=\"https:\/\/www.eco-oils.eu\/wp-content\/uploads\/2023\/01\/EcoOils-Newsletter-2-FR-724x1024.jpg 724w, https:\/\/www.eco-oils.eu\/wp-content\/uploads\/2023\/01\/EcoOils-Newsletter-2-FR-212x300.jpg 212w, https:\/\/www.eco-oils.eu\/wp-content\/uploads\/2023\/01\/EcoOils-Newsletter-2-FR-768x1087.jpg 768w, https:\/\/www.eco-oils.eu\/wp-content\/uploads\/2023\/01\/EcoOils-Newsletter-2-FR.jpg 826w\" sizes=\"auto, (max-width: 250px) 100vw, 250px\" \/><\/a><\/figure>\n<\/div><\/div>\n\n\n\n<div class=\"wp-block-gutenbee-column block-0b8392-91a4-45\"><style>@media (max-width: 991px) {\n        .wp-block-gutenbee-column.block-0b8392-91a4-45 { flex-basis: 100%; }\n      }\n    \n\n      @media (max-width: 575px) {\n        .wp-block-gutenbee-column.block-0b8392-91a4-45 { flex-basis: 100%; }\n      }<\/style><div class=\"wp-block-gutenbee-column-content\">\n<h2 class=\"wp-block-heading\" id=\"news\">Newsletter &#8211; 1<\/h2>\n\n\n\n<figure class=\"wp-block-image size-large is-resized\" id=\"news\"><a href=\"https:\/\/www.eco-oils.eu\/wp-content\/uploads\/2022\/11\/EcoOils-Newsletter-1-FR.pdf\" target=\"_blank\" rel=\"noreferrer noopener\"><img loading=\"lazy\" decoding=\"async\" src=\"https:\/\/www.eco-oils.eu\/wp-content\/uploads\/2022\/11\/EcoOils-Newsletter-1-FR-724x1024.jpg\" alt=\"\" class=\"wp-image-1417\" width=\"250\" height=\"354\" srcset=\"https:\/\/www.eco-oils.eu\/wp-content\/uploads\/2022\/11\/EcoOils-Newsletter-1-FR-724x1024.jpg 724w, https:\/\/www.eco-oils.eu\/wp-content\/uploads\/2022\/11\/EcoOils-Newsletter-1-FR-212x300.jpg 212w, https:\/\/www.eco-oils.eu\/wp-content\/uploads\/2022\/11\/EcoOils-Newsletter-1-FR-768x1087.jpg 768w, https:\/\/www.eco-oils.eu\/wp-content\/uploads\/2022\/11\/EcoOils-Newsletter-1-FR.jpg 826w\" sizes=\"auto, (max-width: 250px) 100vw, 250px\" \/><\/a><\/figure>\n<\/div><\/div>\n<\/div><\/div><div class=\"wp-block-gutenbee-container-background\" data-parallax-speed=\"0.3\"><\/div><\/div>\n\n\n\n<div id=\"block-13c51e-14ae-4d\" class=\"wp-block-gutenbee-container block-13c51e-14ae-4d\"><div class=\"wp-block-gutenbee-container-inner\"><div class=\"wp-block-gutenbee-container-row wp-block-gutenbee-container-lg\">\n<div class=\"wp-block-gutenbee-column block-3dbba0-f547-47\"><style>@media (max-width: 991px) {\n        .wp-block-gutenbee-column.block-3dbba0-f547-47 { flex-basis: 100%; }\n      }\n    \n\n      @media (max-width: 575px) {\n        .wp-block-gutenbee-column.block-3dbba0-f547-47 { flex-basis: 100%; }\n      }<\/style><div class=\"wp-block-gutenbee-column-content\">\n<h2 class=\"wp-block-heading\">Flyer<\/h2>\n\n\n\n<figure class=\"wp-block-image size-full is-resized\"><a href=\"https:\/\/www.eco-oils.eu\/wp-content\/uploads\/2022\/12\/eco-oils-leaflet-FR.pdf\" target=\"_blank\" rel=\"noreferrer noopener\"><img loading=\"lazy\" decoding=\"async\" src=\"https:\/\/www.eco-oils.eu\/wp-content\/uploads\/2022\/12\/eco-oils-leaflet-FR.jpg\" alt=\"\" class=\"wp-image-1563\" width=\"250\" height=\"354\" srcset=\"https:\/\/www.eco-oils.eu\/wp-content\/uploads\/2022\/12\/eco-oils-leaflet-FR.jpg 570w, https:\/\/www.eco-oils.eu\/wp-content\/uploads\/2022\/12\/eco-oils-leaflet-FR-212x300.jpg 212w\" sizes=\"auto, (max-width: 250px) 100vw, 250px\" \/><\/a><\/figure>\n<\/div><\/div>\n\n\n\n<div class=\"wp-block-gutenbee-column block-c77acf-b6ed-44\"><style>@media (max-width: 991px) {\n        .wp-block-gutenbee-column.block-c77acf-b6ed-44 { flex-basis: 100%; }\n      }\n    \n\n      @media (max-width: 575px) {\n        .wp-block-gutenbee-column.block-c77acf-b6ed-44 { flex-basis: 100%; }\n      }<\/style><div class=\"wp-block-gutenbee-column-content\"><\/div><\/div>\n\n\n\n<div class=\"wp-block-gutenbee-column block-d6a9bb-fe53-46\"><style>@media (max-width: 991px) {\n        .wp-block-gutenbee-column.block-d6a9bb-fe53-46 { flex-basis: 100%; }\n      }\n    \n\n      @media (max-width: 575px) {\n        .wp-block-gutenbee-column.block-d6a9bb-fe53-46 { flex-basis: 100%; }\n      }<\/style><div class=\"wp-block-gutenbee-column-content\"><\/div><\/div>\n<\/div><\/div><div class=\"wp-block-gutenbee-container-background\" data-parallax-speed=\"0.3\"><\/div><\/div>\n","protected":false},"excerpt":{"rendered":"<p>A propos La demande mondiale de produits cosm\u00e9tiques et de bien-\u00eatre augmente, entra\u00eenant une forte croissance de la production de plantes aromatiques et de plantes \u00e0 parfum \u00e0 grande \u00e9chelle. Le maintien de la comp\u00e9titivit\u00e9 [&hellip;]<\/p>\n","protected":false},"author":1,"featured_media":679,"parent":0,"menu_order":0,"comment_status":"closed","ping_status":"closed","template":"templates\/template-fullwidth-boxed.php","meta":{"footnotes":""},"class_list":["post-1240","page","type-page","status-publish","has-post-thumbnail","hentry"],"_links":{"self":[{"href":"https:\/\/www.eco-oils.eu\/fr\/wp-json\/wp\/v2\/pages\/1240","targetHints":{"allow":["GET"]}}],"collection":[{"href":"https:\/\/www.eco-oils.eu\/fr\/wp-json\/wp\/v2\/pages"}],"about":[{"href":"https:\/\/www.eco-oils.eu\/fr\/wp-json\/wp\/v2\/types\/page"}],"author":[{"embeddable":true,"href":"https:\/\/www.eco-oils.eu\/fr\/wp-json\/wp\/v2\/users\/1"}],"replies":[{"embeddable":true,"href":"https:\/\/www.eco-oils.eu\/fr\/wp-json\/wp\/v2\/comments?post=1240"}],"version-history":[{"count":9,"href":"https:\/\/www.eco-oils.eu\/fr\/wp-json\/wp\/v2\/pages\/1240\/revisions"}],"predecessor-version":[{"id":2229,"href":"https:\/\/www.eco-oils.eu\/fr\/wp-json\/wp\/v2\/pages\/1240\/revisions\/2229"}],"wp:featuredmedia":[{"embeddable":true,"href":"https:\/\/www.eco-oils.eu\/fr\/wp-json\/wp\/v2\/media\/679"}],"wp:attachment":[{"href":"https:\/\/www.eco-oils.eu\/fr\/wp-json\/wp\/v2\/media?parent=1240"}],"curies":[{"name":"wp","href":"https:\/\/api.w.org\/{rel}","templated":true}]}}