{"id":1810,"date":"2022-05-11T08:34:16","date_gmt":"2022-05-11T06:34:16","guid":{"rendered":"https:\/\/www.eco-oils.eu\/ecooils-tools\/"},"modified":"2023-05-03T10:56:22","modified_gmt":"2023-05-03T08:56:22","slug":"ecooils-tools","status":"publish","type":"page","link":"https:\/\/www.eco-oils.eu\/es\/ecooils-tools\/","title":{"rendered":"Herramientas EcoOils"},"content":{"rendered":"\n<div id=\"block-b64925-e734-4f\" class=\"wp-block-gutenbee-container block-b64925-e734-4f theme-grid tools-learning\"><style>.wp-block-gutenbee-container.block-b64925-e734-4f { margin-bottom: 0px; padding-top: 50px;  padding-bottom: 50px; }<\/style><div class=\"wp-block-gutenbee-container-inner\"><div class=\"wp-block-gutenbee-container-row wp-block-gutenbee-container-lg\">\n<div class=\"wp-block-gutenbee-column block-73be9c-2110-4a\"><style>.wp-block-gutenbee-column.block-73be9c-2110-4a { flex-basis: 50%; }\n\n\n      @media (max-width: 991px) {\n        .wp-block-gutenbee-column.block-73be9c-2110-4a { flex-basis: 100%; }\n      }\n    \n\n      @media (max-width: 575px) {\n        .wp-block-gutenbee-column.block-73be9c-2110-4a { flex-basis: 100%; }\n      }<\/style><div class=\"wp-block-gutenbee-column-content\">\n<p class=\"has-text-align-left\">Lorem ipsum dolor sit amet, consectetur adipiscing elit, sed do eiusmod tempor incididunt ut labore et dolore magna aliqua. Quis commodo odio aenean sed adipiscing diam donec adipiscing tristique. Scelerisque purus semper eget duis at tellus at urna condimentum. Quis auctor elit sed vulputate mi sit amet mauris. Sapien faucibus et molestie ac feugiat sed lectus. Purus faucibus ornare suspendisse sed nisi. Viverra aliquet eget sit amet tellus. Ac auctor augue mauris augue neque gravida in fermentum. Condimentum lacinia quis vel eros. Lacus laoreet non curabitur gravida arcu ac tortor dignissim. Consequat nisl vel pretium lectus quam id leo in.<\/p>\n\n\n\n<p>Nisi est sit amet facilisis. Quam pellentesque nec nam aliquam. Proin libero nunc consequat interdum varius sit amet mattis. Mi bibendum neque egestas congue quisque. Urna condimentum mattis pellentesque id nibh tortor id aliquet lectus. In tellus integer feugiat scelerisque varius. Aliquet lectus proin nibh nisl condimentum id venenatis. Mattis nunc sed blandit libero volutpat sed cras ornare. Integer vitae justo eget magna. Maecenas pharetra convallis posuere morbi leo urna. Dictum at tempor commodo ullamcorper a lacus vestibulum sed. Consectetur a erat nam at lectus urna duis convallis. Amet venenatis urna cursus eget nunc scelerisque.<\/p>\n<\/div><\/div>\n\n\n\n<div class=\"wp-block-gutenbee-column block-472515-8f48-4f\"><style>.wp-block-gutenbee-column.block-472515-8f48-4f .wp-block-gutenbee-column-content { justify-content: center; }\n.wp-block-gutenbee-column.block-472515-8f48-4f { flex-basis: 50%; }\n\n\n      @media (max-width: 991px) {\n        .wp-block-gutenbee-column.block-472515-8f48-4f { flex-basis: 100%; }\n      }\n    \n\n      @media (max-width: 575px) {\n        .wp-block-gutenbee-column.block-472515-8f48-4f { flex-basis: 100%; }\n      }<\/style><div class=\"wp-block-gutenbee-column-content\">\n<h3 id=\"block-3bad67-5c2b-40\" class=\"wp-block-gutenbee-heading block-3bad67-5c2b-40\">EcoOils Learning model<\/h3>\n\n\n\n<div class=\"wp-block-buttons is-layout-flex wp-block-buttons-is-layout-flex\">\n<div class=\"wp-block-button has-custom-font-size is-style-fill has-medium-font-size\"><a class=\"wp-block-button__link wp-element-button\">Download pdf file<\/a><\/div>\n<\/div>\n<\/div><\/div>\n<\/div><\/div><div class=\"wp-block-gutenbee-container-background\" data-parallax-speed=\"0.3\"><\/div><\/div>\n\n\n\n<div id=\"block-7fcee3-6a69-41\" class=\"wp-block-gutenbee-container block-7fcee3-6a69-41 theme-grid has-background-overlay\" style=\"color:#ffffff\"><style>.wp-block-gutenbee-container.block-7fcee3-6a69-41 { padding-top: 65px;  padding-bottom: 65px; }<\/style><div class=\"wp-block-gutenbee-container-inner\"><div class=\"wp-block-gutenbee-container-row wp-block-gutenbee-container-lg\">\n<div class=\"wp-block-gutenbee-column block-62b94f-9bb7-47\"><style>.wp-block-gutenbee-column.block-62b94f-9bb7-47 .wp-block-gutenbee-column-content { margin-top: 40px; }\n.wp-block-gutenbee-column.block-62b94f-9bb7-47 { flex-basis: 50%; }\n\n\n      @media (max-width: 991px) {\n        .wp-block-gutenbee-column.block-62b94f-9bb7-47 { flex-basis: 100%; }\n      }\n    \n\n      @media (max-width: 575px) {\n        .wp-block-gutenbee-column.block-62b94f-9bb7-47 { flex-basis: 100%; }\n      }<\/style><div class=\"wp-block-gutenbee-column-content\">\n<p class=\"has-theme-medium-gray-color has-text-color\">Ante la dificultad de una formaci\u00f3n en l\u00ednea, los socios de EcoOils elaboraron el modelo de Aprendizaje del Curso para tener en cuenta las expectativas de los productores y procesadores de plantas arom\u00e1ticas, as\u00ed como sus necesidades y limitaciones de organizaci\u00f3n.<br>El modelo de aprendizaje de EcoOils se basa en las buenas pr\u00e1cticas y la experiencia de los socios en el desarrollo de aprendizaje electr\u00f3nico y capacitaci\u00f3n en el sitio, siguiendo el llamado enfoque de &#8220;aprendizaje combinado&#8221;, y en la cooperaci\u00f3n con representantes de los grupos objetivo.<\/p>\n<\/div><\/div>\n\n\n\n<div class=\"wp-block-gutenbee-column block-71a7e9-674a-4a\"><style>.wp-block-gutenbee-column.block-71a7e9-674a-4a .wp-block-gutenbee-column-content { justify-content: center; }\n.wp-block-gutenbee-column.block-71a7e9-674a-4a { flex-basis: 50%; }\n\n\n      @media (max-width: 991px) {\n        .wp-block-gutenbee-column.block-71a7e9-674a-4a { flex-basis: 100%; }\n      }\n    \n\n      @media (max-width: 575px) {\n        .wp-block-gutenbee-column.block-71a7e9-674a-4a { flex-basis: 100%; }\n      }<\/style><div class=\"wp-block-gutenbee-column-content\">\n<h3 id=\"block-fcdf5d-53d5-45\" class=\"wp-block-gutenbee-heading block-fcdf5d-53d5-45 has-text-color\" style=\"color:#585858\">El modelo de Aprendizaje<\/h3>\n\n\n\n<div class=\"wp-block-buttons is-layout-flex wp-block-buttons-is-layout-flex\">\n<div class=\"wp-block-button has-custom-font-size is-style-fill has-medium-font-size\"><a class=\"wp-block-button__link wp-element-button\" href=\"https:\/\/www.eco-oils.eu\/wp-content\/uploads\/2023\/05\/IO1-Learning-Model-Final-FINAL.pdf\" target=\"_blank\" rel=\"noreferrer noopener\">Download pdf file<\/a><\/div>\n<\/div>\n<\/div><\/div>\n<\/div><div class=\"wp-block-gutenbee-container-background-overlay\" style=\"background-color:rgba(255, 255, 255, 0.41)\"><\/div><\/div><div class=\"wp-block-gutenbee-container-background\" data-parallax-speed=\"0.3\"><\/div><\/div>\n\n\n\n<div id=\"block-52bbae-26a9-49\" class=\"wp-block-gutenbee-container block-52bbae-26a9-49 theme-grid has-background-image has-background-overlay\" style=\"color:#ffffff\"><style>.wp-block-gutenbee-container.block-52bbae-26a9-49 { margin-bottom: 0px; padding-top: 50px;  padding-bottom: 50px; }\n.wp-block-gutenbee-container.block-52bbae-26a9-49 > .wp-block-gutenbee-container-background { background-image: url(https:\/\/www.eco-oils.eu\/\/wp-content\/uploads\/2022\/01\/eco-oils_46.jpg); background-repeat: no-repeat; background-size: cover; background-position: center center; background-attachment: scroll; }<\/style><div class=\"wp-block-gutenbee-container-inner\"><div class=\"wp-block-gutenbee-container-row wp-block-gutenbee-container-lg\">\n<div class=\"wp-block-gutenbee-column block-ab54cb-7407-44\"><style>.wp-block-gutenbee-column.block-ab54cb-7407-44 { flex-basis: 50%; }\n\n\n      @media (max-width: 991px) {\n        .wp-block-gutenbee-column.block-ab54cb-7407-44 { flex-basis: 100%; }\n      }\n    \n\n      @media (max-width: 575px) {\n        .wp-block-gutenbee-column.block-ab54cb-7407-44 { flex-basis: 100%; }\n      }<\/style><div class=\"wp-block-gutenbee-column-content\">\n<p>El Manual para formadores es una gu\u00eda para los formadores y para las organizaciones de apoyo que deseen utilizar el curso EcoOils. Proporciona a los formadores y consultores tanto la teor\u00eda necesaria para aplicar el enfoque EcoOils como la orientaci\u00f3n paso a paso para llevar a cabo las actividades de formaci\u00f3n en el entorno virtual. El Manual permite a los formadores impartir educaci\u00f3n digital inclusiva de alta calidad a los participantes del sector agr\u00edcola.<\/p>\n<\/div><\/div>\n\n\n\n<div class=\"wp-block-gutenbee-column block-c96f23-10cb-40\"><style>.wp-block-gutenbee-column.block-c96f23-10cb-40 .wp-block-gutenbee-column-content { justify-content: center; }\n.wp-block-gutenbee-column.block-c96f23-10cb-40 { flex-basis: 50%; }\n\n\n      @media (max-width: 991px) {\n        .wp-block-gutenbee-column.block-c96f23-10cb-40 { flex-basis: 100%; }\n      }\n    \n\n      @media (max-width: 575px) {\n        .wp-block-gutenbee-column.block-c96f23-10cb-40 { flex-basis: 100%; }\n      }<\/style><div class=\"wp-block-gutenbee-column-content\">\n<h3 id=\"block-6bb990-ff57-49\" class=\"wp-block-gutenbee-heading block-6bb990-ff57-49 has-text-color\" style=\"color:#ffffff\">El Manual para formadores de EcoOils<\/h3>\n\n\n\n<div class=\"wp-block-buttons is-layout-flex wp-block-buttons-is-layout-flex\">\n<div class=\"wp-block-button has-custom-font-size is-style-fill has-medium-font-size\"><a class=\"wp-block-button__link wp-element-button\" href=\"https:\/\/www.eco-oils.eu\/wp-content\/uploads\/2023\/05\/manual-para-formadores-USAL-ES.pdf\" target=\"_blank\" rel=\"noreferrer noopener\">Download pdf file<\/a><\/div>\n<\/div>\n<\/div><\/div>\n<\/div><div class=\"wp-block-gutenbee-container-background-overlay\" style=\"background-color:rgba(0, 0, 0, 0.3)\"><\/div><\/div><div class=\"wp-block-gutenbee-container-background\" data-parallax-speed=\"0.3\"><\/div><\/div>\n\n\n\n<div id=\"block-7627ba-9813-44\" class=\"wp-block-gutenbee-container block-7627ba-9813-44 theme-grid has-background-image has-background-overlay\" style=\"color:#ffffff\"><style>.wp-block-gutenbee-container.block-7627ba-9813-44 { padding-top: 60px;  padding-bottom: 60px; }\n.wp-block-gutenbee-container.block-7627ba-9813-44 > .wp-block-gutenbee-container-background { background-image: url(https:\/\/www.eco-oils.eu\/wp-content\/uploads\/2022\/01\/eco-oils_41.jpg); background-repeat: no-repeat; background-size: cover; background-position: center center; background-attachment: scroll; }<\/style><div class=\"wp-block-gutenbee-container-inner\"><div class=\"wp-block-gutenbee-container-row wp-block-gutenbee-container-lg\">\n<div class=\"wp-block-gutenbee-column block-5cbb5e-67d0-40\"><style>.wp-block-gutenbee-column.block-5cbb5e-67d0-40 .wp-block-gutenbee-column-content { padding-top: 40px; }\n.wp-block-gutenbee-column.block-5cbb5e-67d0-40 { flex-basis: 50%; }\n\n\n      @media (max-width: 991px) {\n        .wp-block-gutenbee-column.block-5cbb5e-67d0-40 { flex-basis: 100%; }\n      }\n    \n\n      @media (max-width: 575px) {\n        .wp-block-gutenbee-column.block-5cbb5e-67d0-40 { flex-basis: 100%; }\n      }<\/style><div class=\"wp-block-gutenbee-column-content\">\n<p>El Manual para estudiantes est\u00e1 destinado a ayudar a los estudiantes a usar la plataforma online, comprender mejor el contenido del curso, y organizar su trabajo f\u00e1cilmente<\/p>\n<\/div><\/div>\n\n\n\n<div class=\"wp-block-gutenbee-column block-b8976f-a81f-4e\"><style>.wp-block-gutenbee-column.block-b8976f-a81f-4e .wp-block-gutenbee-column-content { justify-content: center; }\n.wp-block-gutenbee-column.block-b8976f-a81f-4e { flex-basis: 50%; }\n\n\n      @media (max-width: 991px) {\n        .wp-block-gutenbee-column.block-b8976f-a81f-4e { flex-basis: 100%; }\n      }\n    \n\n      @media (max-width: 575px) {\n        .wp-block-gutenbee-column.block-b8976f-a81f-4e { flex-basis: 100%; }\n      }<\/style><div class=\"wp-block-gutenbee-column-content\">\n<h3 id=\"block-b55f40-593c-45\" class=\"wp-block-gutenbee-heading block-b55f40-593c-45 has-text-color\" style=\"color:#ffffff\">El Manual para estudiantes<\/h3>\n\n\n\n<div class=\"wp-block-buttons is-layout-flex wp-block-buttons-is-layout-flex\">\n<div class=\"wp-block-button has-custom-font-size is-style-fill has-medium-font-size\"><a class=\"wp-block-button__link wp-element-button\" href=\"https:\/\/www.eco-oils.eu\/wp-content\/uploads\/2023\/05\/EO_manual-para-alumnos_V3-ES.pdf\" target=\"_blank\" rel=\"noreferrer noopener\">Download pdf file<\/a><\/div>\n<\/div>\n<\/div><\/div>\n<\/div><div class=\"wp-block-gutenbee-container-background-overlay\" style=\"background-color:rgba(0, 0, 0, 0.3)\"><\/div><\/div><div class=\"wp-block-gutenbee-container-background\" data-parallax-speed=\"0.3\"><\/div><\/div>\n","protected":false},"excerpt":{"rendered":"","protected":false},"author":1,"featured_media":0,"parent":0,"menu_order":0,"comment_status":"closed","ping_status":"closed","template":"templates\/template-fullwidth.php","meta":{"footnotes":""},"class_list":["post-1810","page","type-page","status-publish","hentry"],"_links":{"self":[{"href":"https:\/\/www.eco-oils.eu\/es\/wp-json\/wp\/v2\/pages\/1810","targetHints":{"allow":["GET"]}}],"collection":[{"href":"https:\/\/www.eco-oils.eu\/es\/wp-json\/wp\/v2\/pages"}],"about":[{"href":"https:\/\/www.eco-oils.eu\/es\/wp-json\/wp\/v2\/types\/page"}],"author":[{"embeddable":true,"href":"https:\/\/www.eco-oils.eu\/es\/wp-json\/wp\/v2\/users\/1"}],"replies":[{"embeddable":true,"href":"https:\/\/www.eco-oils.eu\/es\/wp-json\/wp\/v2\/comments?post=1810"}],"version-history":[{"count":7,"href":"https:\/\/www.eco-oils.eu\/es\/wp-json\/wp\/v2\/pages\/1810\/revisions"}],"predecessor-version":[{"id":2432,"href":"https:\/\/www.eco-oils.eu\/es\/wp-json\/wp\/v2\/pages\/1810\/revisions\/2432"}],"wp:attachment":[{"href":"https:\/\/www.eco-oils.eu\/es\/wp-json\/wp\/v2\/media?parent=1810"}],"curies":[{"name":"wp","href":"https:\/\/api.w.org\/{rel}","templated":true}]}}