{"id":1243,"date":"2022-01-19T09:16:28","date_gmt":"2022-01-19T09:16:28","guid":{"rendered":"https:\/\/www.eco-oils.eu\/the-project\/"},"modified":"2023-05-02T10:52:35","modified_gmt":"2023-05-02T08:52:35","slug":"the-project","status":"publish","type":"page","link":"https:\/\/www.eco-oils.eu\/es\/the-project\/","title":{"rendered":"EL PROYECTO"},"content":{"rendered":"\n<h2 class=\"wp-block-heading\">Acerca de<\/h2>\n\n\n\n<p>La demanda mundial de productos cosm\u00e9ticos y de bienestar est\u00e1 aumentando, lo que lleva a un fuerte crecimiento de la producci\u00f3n de plantas arom\u00e1ticas a gran escala. El mantenimiento y la competitividad del sector europeo de producci\u00f3n y transformaci\u00f3n de plantas arom\u00e1ticas requiere fortalecer los enfoques de calidad hacia pr\u00e1cticas org\u00e1nicas y naturales. Por lo tanto, es esencial apoyar la formaci\u00f3n de los profesionales europeos en el cultivo y la transformaci\u00f3n de las plantas arom\u00e1ticas hacia una producci\u00f3n ecol\u00f3gica de calidad.<\/p>\n\n\n\n<h2 class=\"wp-block-heading\">Objetivos<\/h2>\n\n\n\n<p>El proyecto \u0395co-Oils apoya la formaci\u00f3n de profesionales europeos en el cultivo y la transformaci\u00f3n de plantas arom\u00e1ticas hacia una producci\u00f3n ecol\u00f3gica de calidad.<\/p>\n\n\n\n<p>\u00bfCu\u00e1les son los principales objetivos de Eco-Oils?<br>-Construir nuevas competencias a trav\u00e9s de un programa de formaci\u00f3n online dise\u00f1ado espec\u00edficamente para satisfacer las necesidades de los productores de plantas arom\u00e1ticas y aceites esenciales interesados en la conversi\u00f3n a la producci\u00f3n ecol\u00f3gica.<br>-Ampliar las competencias pedag\u00f3gicas de los formadores del sector agr\u00edcola, permiti\u00e9ndoles impartir una educaci\u00f3n digital inclusiva de alta calidad.<\/p>\n\n\n\n<h2 class=\"wp-block-heading\">Audiencia potencial<\/h2>\n\n\n\n<p>Los principales grupos destinatarios de Eco-Oils son<br>-Cultivadores de plantas arom\u00e1ticas<br>-Destiler\u00edas y productores de aceites esenciales<br>-Nuevos empresarios en el campo de la producci\u00f3n de plantas arom\u00e1ticas<br>-Empresarios y formadores del sector de las plantas arom\u00e1ticas y los aceites esenciales.<\/p>\n\n\n\n<div id=\"block-bcdac1-e490-4b\" class=\"wp-block-gutenbee-container block-bcdac1-e490-4b\"><div class=\"wp-block-gutenbee-container-inner\"><div class=\"wp-block-gutenbee-container-row wp-block-gutenbee-container-lg\">\n<div class=\"wp-block-gutenbee-column block-fb2762-8b08-41\"><style>@media (max-width: 991px) {\n        .wp-block-gutenbee-column.block-fb2762-8b08-41 { flex-basis: 100%; }\n      }\n    \n\n      @media (max-width: 575px) {\n        .wp-block-gutenbee-column.block-fb2762-8b08-41 { flex-basis: 100%; }\n      }<\/style><div class=\"wp-block-gutenbee-column-content\">\n<h2 class=\"wp-block-heading\">Newsletter &#8211; 3<\/h2>\n\n\n\n<figure class=\"wp-block-image size-large is-resized\"><a href=\"https:\/\/www.eco-oils.eu\/wp-content\/uploads\/2023\/05\/ES-EcoOils-Newsletter-3-Spring2023.pdf\" target=\"_blank\" rel=\"noreferrer noopener\"><img loading=\"lazy\" decoding=\"async\" src=\"https:\/\/www.eco-oils.eu\/wp-content\/uploads\/2023\/05\/ES-EcoOils-Newsletter-3-Spring2023-724x1024.jpg\" alt=\"\" class=\"wp-image-2249\" width=\"250\" height=\"354\" srcset=\"https:\/\/www.eco-oils.eu\/wp-content\/uploads\/2023\/05\/ES-EcoOils-Newsletter-3-Spring2023-724x1024.jpg 724w, https:\/\/www.eco-oils.eu\/wp-content\/uploads\/2023\/05\/ES-EcoOils-Newsletter-3-Spring2023-212x300.jpg 212w, https:\/\/www.eco-oils.eu\/wp-content\/uploads\/2023\/05\/ES-EcoOils-Newsletter-3-Spring2023-768x1087.jpg 768w, https:\/\/www.eco-oils.eu\/wp-content\/uploads\/2023\/05\/ES-EcoOils-Newsletter-3-Spring2023.jpg 826w\" sizes=\"auto, (max-width: 250px) 100vw, 250px\" \/><\/a><\/figure>\n<\/div><\/div>\n\n\n\n<div class=\"wp-block-gutenbee-column block-247588-72ba-40\"><style>@media (max-width: 991px) {\n        .wp-block-gutenbee-column.block-247588-72ba-40 { flex-basis: 100%; }\n      }\n    \n\n      @media (max-width: 575px) {\n        .wp-block-gutenbee-column.block-247588-72ba-40 { flex-basis: 100%; }\n      }<\/style><div class=\"wp-block-gutenbee-column-content\">\n<h2 class=\"wp-block-heading\">Newsletter &#8211; 2<\/h2>\n\n\n\n<figure class=\"wp-block-image size-large is-resized\"><a href=\"https:\/\/www.eco-oils.eu\/wp-content\/uploads\/2023\/01\/EcoOils-Newsletter-2-SP.pdf\" target=\"_blank\" rel=\"noreferrer noopener\"><img loading=\"lazy\" decoding=\"async\" src=\"https:\/\/www.eco-oils.eu\/wp-content\/uploads\/2023\/01\/EcoOils-Newsletter-2-SP-724x1024.jpg\" alt=\"\" class=\"wp-image-1746\" width=\"250\" height=\"354\" srcset=\"https:\/\/www.eco-oils.eu\/wp-content\/uploads\/2023\/01\/EcoOils-Newsletter-2-SP-724x1024.jpg 724w, https:\/\/www.eco-oils.eu\/wp-content\/uploads\/2023\/01\/EcoOils-Newsletter-2-SP-212x300.jpg 212w, https:\/\/www.eco-oils.eu\/wp-content\/uploads\/2023\/01\/EcoOils-Newsletter-2-SP-768x1087.jpg 768w, https:\/\/www.eco-oils.eu\/wp-content\/uploads\/2023\/01\/EcoOils-Newsletter-2-SP.jpg 826w\" sizes=\"auto, (max-width: 250px) 100vw, 250px\" \/><\/a><\/figure>\n<\/div><\/div>\n\n\n\n<div class=\"wp-block-gutenbee-column block-6b4ebf-09c8-4e\"><style>@media (max-width: 991px) {\n        .wp-block-gutenbee-column.block-6b4ebf-09c8-4e { flex-basis: 100%; }\n      }\n    \n\n      @media (max-width: 575px) {\n        .wp-block-gutenbee-column.block-6b4ebf-09c8-4e { flex-basis: 100%; }\n      }<\/style><div class=\"wp-block-gutenbee-column-content\">\n<h2 class=\"wp-block-heading\" id=\"news\">Newsletter &#8211; 1<\/h2>\n\n\n\n<div class=\"wp-block-group\"><div class=\"wp-block-group__inner-container is-layout-constrained wp-block-group-is-layout-constrained\">\n<figure class=\"wp-block-image size-large is-resized\" id=\"news\"><a href=\"https:\/\/www.eco-oils.eu\/wp-content\/uploads\/2022\/11\/ES-EcoOils-Newsletter-1.pdf\" target=\"_blank\" rel=\"noreferrer noopener\"><img loading=\"lazy\" decoding=\"async\" src=\"https:\/\/www.eco-oils.eu\/wp-content\/uploads\/2022\/11\/ES-EcoOils-Newsletter-1-724x1024.jpg\" alt=\"\" class=\"wp-image-1440\" width=\"250\" height=\"354\" srcset=\"https:\/\/www.eco-oils.eu\/wp-content\/uploads\/2022\/11\/ES-EcoOils-Newsletter-1-724x1024.jpg 724w, https:\/\/www.eco-oils.eu\/wp-content\/uploads\/2022\/11\/ES-EcoOils-Newsletter-1-212x300.jpg 212w, https:\/\/www.eco-oils.eu\/wp-content\/uploads\/2022\/11\/ES-EcoOils-Newsletter-1-768x1087.jpg 768w, https:\/\/www.eco-oils.eu\/wp-content\/uploads\/2022\/11\/ES-EcoOils-Newsletter-1.jpg 826w\" sizes=\"auto, (max-width: 250px) 100vw, 250px\" \/><\/a><\/figure>\n<\/div><\/div>\n<\/div><\/div>\n<\/div><\/div><div class=\"wp-block-gutenbee-container-background\" data-parallax-speed=\"0.3\"><\/div><\/div>\n\n\n\n<div id=\"block-7707b4-fa82-48\" class=\"wp-block-gutenbee-container block-7707b4-fa82-48\"><div class=\"wp-block-gutenbee-container-inner\"><div class=\"wp-block-gutenbee-container-row wp-block-gutenbee-container-lg\">\n<div class=\"wp-block-gutenbee-column block-b43a54-8675-42\"><style>@media (max-width: 991px) {\n        .wp-block-gutenbee-column.block-b43a54-8675-42 { flex-basis: 100%; }\n      }\n    \n\n      @media (max-width: 575px) {\n        .wp-block-gutenbee-column.block-b43a54-8675-42 { flex-basis: 100%; }\n      }<\/style><div class=\"wp-block-gutenbee-column-content\">\n<h2 class=\"wp-block-heading\">Flyer<\/h2>\n\n\n\n<figure class=\"wp-block-image size-full is-resized\"><a href=\"https:\/\/www.eco-oils.eu\/wp-content\/uploads\/2022\/12\/eco-oils-leaflet-ES.pdf\" target=\"_blank\" rel=\"noreferrer noopener\"><img loading=\"lazy\" decoding=\"async\" src=\"https:\/\/www.eco-oils.eu\/wp-content\/uploads\/2022\/12\/eco-oils-leaflet-ES.jpg\" alt=\"\" class=\"wp-image-1560\" width=\"250\" height=\"354\" srcset=\"https:\/\/www.eco-oils.eu\/wp-content\/uploads\/2022\/12\/eco-oils-leaflet-ES.jpg 570w, https:\/\/www.eco-oils.eu\/wp-content\/uploads\/2022\/12\/eco-oils-leaflet-ES-212x300.jpg 212w\" sizes=\"auto, (max-width: 250px) 100vw, 250px\" \/><\/a><\/figure>\n<\/div><\/div>\n\n\n\n<div class=\"wp-block-gutenbee-column block-619a4c-ca78-4e\"><style>@media (max-width: 991px) {\n        .wp-block-gutenbee-column.block-619a4c-ca78-4e { flex-basis: 100%; }\n      }\n    \n\n      @media (max-width: 575px) {\n        .wp-block-gutenbee-column.block-619a4c-ca78-4e { flex-basis: 100%; }\n      }<\/style><div class=\"wp-block-gutenbee-column-content\"><\/div><\/div>\n\n\n\n<div class=\"wp-block-gutenbee-column block-ae29e0-c85b-47\"><style>@media (max-width: 991px) {\n        .wp-block-gutenbee-column.block-ae29e0-c85b-47 { flex-basis: 100%; }\n      }\n    \n\n      @media (max-width: 575px) {\n        .wp-block-gutenbee-column.block-ae29e0-c85b-47 { flex-basis: 100%; }\n      }<\/style><div class=\"wp-block-gutenbee-column-content\"><\/div><\/div>\n<\/div><\/div><div class=\"wp-block-gutenbee-container-background\" data-parallax-speed=\"0.3\"><\/div><\/div>\n","protected":false},"excerpt":{"rendered":"<p>Acerca de La demanda mundial de productos cosm\u00e9ticos y de bienestar est\u00e1 aumentando, lo que lleva a un fuerte crecimiento de la producci\u00f3n de plantas arom\u00e1ticas a gran escala. El mantenimiento y la competitividad del [&hellip;]<\/p>\n","protected":false},"author":1,"featured_media":682,"parent":0,"menu_order":0,"comment_status":"closed","ping_status":"closed","template":"templates\/template-fullwidth-boxed.php","meta":{"footnotes":""},"class_list":["post-1243","page","type-page","status-publish","has-post-thumbnail","hentry"],"_links":{"self":[{"href":"https:\/\/www.eco-oils.eu\/es\/wp-json\/wp\/v2\/pages\/1243","targetHints":{"allow":["GET"]}}],"collection":[{"href":"https:\/\/www.eco-oils.eu\/es\/wp-json\/wp\/v2\/pages"}],"about":[{"href":"https:\/\/www.eco-oils.eu\/es\/wp-json\/wp\/v2\/types\/page"}],"author":[{"embeddable":true,"href":"https:\/\/www.eco-oils.eu\/es\/wp-json\/wp\/v2\/users\/1"}],"replies":[{"embeddable":true,"href":"https:\/\/www.eco-oils.eu\/es\/wp-json\/wp\/v2\/comments?post=1243"}],"version-history":[{"count":8,"href":"https:\/\/www.eco-oils.eu\/es\/wp-json\/wp\/v2\/pages\/1243\/revisions"}],"predecessor-version":[{"id":2255,"href":"https:\/\/www.eco-oils.eu\/es\/wp-json\/wp\/v2\/pages\/1243\/revisions\/2255"}],"wp:featuredmedia":[{"embeddable":true,"href":"https:\/\/www.eco-oils.eu\/es\/wp-json\/wp\/v2\/media\/682"}],"wp:attachment":[{"href":"https:\/\/www.eco-oils.eu\/es\/wp-json\/wp\/v2\/media?parent=1243"}],"curies":[{"name":"wp","href":"https:\/\/api.w.org\/{rel}","templated":true}]}}